{"id":17,"date":"2025-10-29T12:16:58","date_gmt":"2025-10-29T12:16:58","guid":{"rendered":"https:\/\/box.nat-dent.es\/?page_id=17"},"modified":"2025-10-29T12:39:06","modified_gmt":"2025-10-29T12:39:06","slug":"acceso-clientes","status":"publish","type":"page","link":"https:\/\/box.nat-dent.es\/","title":{"rendered":"Acceso Clientes"},"content":{"rendered":"\t\t<div data-elementor-type=\"wp-page\" data-elementor-id=\"17\" class=\"elementor elementor-17\" data-elementor-post-type=\"page\">\n\t\t\t\t<div class=\"elementor-element elementor-element-92ee85c e-flex e-con-boxed e-con e-parent\" data-id=\"92ee85c\" data-element_type=\"container\">\n\t\t\t\t\t<div class=\"e-con-inner\">\n\t\t<div class=\"elementor-element elementor-element-49eb172 e-con-full e-flex e-con e-child\" data-id=\"49eb172\" data-element_type=\"container\">\n\t\t\t\t<div class=\"elementor-element elementor-element-68101c5 elementor-widget elementor-widget-heading\" data-id=\"68101c5\" data-element_type=\"widget\" data-widget_type=\"heading.default\">\n\t\t\t\t\t<h4 class=\"elementor-heading-title elementor-size-default\">SI YA EST\u00c1S REGISTRADO<\/h4>\t\t\t\t<\/div>\n\t\t\t\t<div class=\"elementor-element elementor-element-3ca2b13 elementor-widget elementor-widget-text-editor\" data-id=\"3ca2b13\" data-element_type=\"widget\" data-widget_type=\"text-editor.default\">\n\t\t\t\t\t\t\t\t\t<p>Introduce tus datos y entra en tu \u00e1rea privada<\/p>\t\t\t\t\t\t\t\t<\/div>\n\t\t\t\t<div class=\"elementor-element elementor-element-fab0c2c elementor-widget elementor-widget-login\" data-id=\"fab0c2c\" data-element_type=\"widget\" data-widget_type=\"login.default\">\n\t\t\t\t\t\t\t<form class=\"elementor-login elementor-form\" method=\"post\" action=\"https:\/\/box.nat-dent.es\/wp-login.php\" aria-label=\"Login form\">\n\t\t\t<input type=\"hidden\" name=\"redirect_to\" value=\"\/index.php\/wp-json\/wp\/v2\/pages\/17\">\n\t\t\t<div class=\"elementor-form-fields-wrapper\">\n\t\t\t\t<div class=\"elementor-field-type-text elementor-field-group elementor-column elementor-col-100 elementor-field-required\">\n\t\t\t\t\t<label for=\"user-fab0c2c\" class=\"elementor-field-label\">Usuario o email<\/label>\n\t\t\t\t\t<input size=\"1\" type=\"text\" name=\"log\" id=\"user-fab0c2c\" placeholder=\"\" class=\"elementor-field elementor-field-textual elementor-size-sm\">\n\t\t\t\t<\/div>\n\t\t\t\t<div class=\"elementor-field-type-text elementor-field-group elementor-column elementor-col-100 elementor-field-required\">\n\t\t\t\t\t<label for=\"password-fab0c2c\" class=\"elementor-field-label\">Contrase\u00f1a<\/label>\n\t\t\t\t\t<input size=\"1\" type=\"password\" name=\"pwd\" id=\"password-fab0c2c\" placeholder=\"\" class=\"elementor-field elementor-field-textual elementor-size-sm\">\n\t\t\t\t<\/div>\n\n\t\t\t\t\t\t\t\t\t<div class=\"elementor-field-type-checkbox elementor-field-group elementor-column elementor-col-100 elementor-remember-me\">\n\t\t\t\t\t\t<label for=\"elementor-login-remember-me\">\n\t\t\t\t\t\t\t<input type=\"checkbox\" id=\"elementor-login-remember-me\" name=\"rememberme\" value=\"forever\">\n\t\t\t\t\t\t\tRemember Me\t\t\t\t\t\t<\/label>\n\t\t\t\t\t<\/div>\n\t\t\t\t\n\t\t\t\t<div class=\"elementor-field-group elementor-column elementor-field-type-submit elementor-col-100\">\n\t\t\t\t\t<button type=\"submit\" class=\"elementor-size-sm elementor-button\" name=\"wp-submit\">\n\t\t\t\t\t\t\t\t\t\t\t\t\t\t\t<span class=\"elementor-button-text\">Entrar<\/span>\n\t\t\t\t\t\t\t\t\t\t\t\t<\/button>\n\t\t\t\t<\/div>\n\n\t\t\t\t\t\t\t\t\t<div class=\"elementor-field-group elementor-column elementor-col-100\">\n\t\t\t\t\t\t\t\t\t\t\t\t\t\t\t\t\t\t\t\t<a class=\"elementor-lost-password\" href=\"https:\/\/box.nat-dent.es\/wp-login.php?action=lostpassword&redirect_to=%2Findex.php%2Fwp-json%2Fwp%2Fv2%2Fpages%2F17\">\n\t\t\t\t\t\t\t\tLost your password?\t\t\t\t\t\t\t<\/a>\n\t\t\t\t\t\t\n\t\t\t\t\t\t\t\t\t\t\t<\/div>\n\t\t\t\t\t\t\t<\/div>\n\t\t<\/form>\n\t\t\t\t\t\t<\/div>\n\t\t\t\t<div class=\"elementor-element elementor-element-50d62a9 elementor-widget elementor-widget-heading\" data-id=\"50d62a9\" data-element_type=\"widget\" data-widget_type=\"heading.default\">\n\t\t\t\t\t<h4 class=\"elementor-heading-title elementor-size-default\">SI NO QUIERES REGISTRARTE<\/h4>\t\t\t\t<\/div>\n\t\t\t\t<div class=\"elementor-element elementor-element-4b0f73b elementor-widget elementor-widget-text-editor\" data-id=\"4b0f73b\" data-element_type=\"widget\" data-widget_type=\"text-editor.default\">\n\t\t\t\t\t\t\t\t\t<p>Puedes enviarnos sus archivos utilizando nuestra aplicaci\u00f3n<\/p>\t\t\t\t\t\t\t\t<\/div>\n\t\t\t\t<div class=\"elementor-element elementor-element-643941f elementor-align-center elementor-widget elementor-widget-button\" data-id=\"643941f\" data-element_type=\"widget\" data-widget_type=\"button.default\">\n\t\t\t\t\t\t\t\t\t\t<a class=\"elementor-button elementor-button-link elementor-size-sm\" href=\"https:\/\/box.nat-dent.es\/index.php\/subida-de-archivos\/\" target=\"_blank\">\n\t\t\t\t\t\t<span class=\"elementor-button-content-wrapper\">\n\t\t\t\t\t\t\t\t\t<span class=\"elementor-button-text\">ENVIAR ARCHIVOS<\/span>\n\t\t\t\t\t<\/span>\n\t\t\t\t\t<\/a>\n\t\t\t\t\t\t\t\t<\/div>\n\t\t\t\t<\/div>\n\t\t<div class=\"elementor-element elementor-element-5c51643 e-con-full e-flex e-con e-child\" data-id=\"5c51643\" data-element_type=\"container\">\n\t\t\t\t<div class=\"elementor-element elementor-element-40e52fc elementor-widget elementor-widget-heading\" data-id=\"40e52fc\" data-element_type=\"widget\" data-widget_type=\"heading.default\">\n\t\t\t\t\t<h4 class=\"elementor-heading-title elementor-size-default\">SI ERES UN NUEVO USUARIO<\/h4>\t\t\t\t<\/div>\n\t\t\t\t<div class=\"elementor-element elementor-element-885b93b elementor-widget elementor-widget-text-editor\" data-id=\"885b93b\" data-element_type=\"widget\" data-widget_type=\"text-editor.default\">\n\t\t\t\t\t\t\t\t\t<p>Rellena estos datos y crea una cuenta de usuario:<\/p>\t\t\t\t\t\t\t\t<\/div>\n\t\t\t\t<div class=\"elementor-element elementor-element-d2607e7 elementor-button-align-stretch elementor-widget elementor-widget-form\" data-id=\"d2607e7\" data-element_type=\"widget\" data-settings=\"{&quot;step_next_label&quot;:&quot;Next&quot;,&quot;step_previous_label&quot;:&quot;Previous&quot;,&quot;button_width&quot;:&quot;100&quot;,&quot;step_type&quot;:&quot;number_text&quot;,&quot;step_icon_shape&quot;:&quot;circle&quot;}\" data-widget_type=\"form.default\">\n\t\t\t\t\t\t\t<form class=\"elementor-form\" method=\"post\" name=\"New Form\" aria-label=\"New Form\">\n\t\t\t<input type=\"hidden\" name=\"post_id\" value=\"17\"\/>\n\t\t\t<input type=\"hidden\" name=\"form_id\" value=\"d2607e7\"\/>\n\t\t\t<input type=\"hidden\" name=\"referer_title\" value=\"Acceso Clientes - BOX NAT DENT | SUBIDA DE ARCHIVOS\" \/>\n\n\t\t\t\t\t\t\t<input type=\"hidden\" name=\"queried_id\" value=\"17\"\/>\n\t\t\t\n\t\t\t<div class=\"elementor-form-fields-wrapper elementor-labels-above\">\n\t\t\t\t\t\t\t\t<div class=\"elementor-field-type-text elementor-field-group elementor-column elementor-field-group-name elementor-col-100\">\n\t\t\t\t\t\t\t\t\t\t\t\t<label for=\"form-field-name\" class=\"elementor-field-label\">\n\t\t\t\t\t\t\t\tRazon social\t\t\t\t\t\t\t<\/label>\n\t\t\t\t\t\t\t\t\t\t\t\t\t\t<input size=\"1\" type=\"text\" name=\"form_fields[name]\" id=\"form-field-name\" class=\"elementor-field elementor-size-sm  elementor-field-textual\">\n\t\t\t\t\t\t\t\t\t\t\t<\/div>\n\t\t\t\t\t\t\t\t<div class=\"elementor-field-type-email elementor-field-group elementor-column elementor-field-group-email elementor-col-100 elementor-field-required\">\n\t\t\t\t\t\t\t\t\t\t\t\t<label for=\"form-field-email\" class=\"elementor-field-label\">\n\t\t\t\t\t\t\t\tCIF\t\t\t\t\t\t\t<\/label>\n\t\t\t\t\t\t\t\t\t\t\t\t\t\t<input size=\"1\" type=\"email\" name=\"form_fields[email]\" id=\"form-field-email\" class=\"elementor-field elementor-size-sm  elementor-field-textual\" required=\"required\">\n\t\t\t\t\t\t\t\t\t\t\t<\/div>\n\t\t\t\t\t\t\t\t<div class=\"elementor-field-type-text elementor-field-group elementor-column elementor-field-group-message elementor-col-100\">\n\t\t\t\t\t\t\t\t\t\t\t\t<label for=\"form-field-message\" class=\"elementor-field-label\">\n\t\t\t\t\t\t\t\tPersona de Contacto\t\t\t\t\t\t\t<\/label>\n\t\t\t\t\t\t\t\t\t\t\t\t\t\t<input size=\"1\" type=\"text\" name=\"form_fields[message]\" id=\"form-field-message\" class=\"elementor-field elementor-size-sm  elementor-field-textual\">\n\t\t\t\t\t\t\t\t\t\t\t<\/div>\n\t\t\t\t\t\t\t\t<div class=\"elementor-field-type-text elementor-field-group elementor-column elementor-field-group-field_27dd264 elementor-col-100\">\n\t\t\t\t\t\t\t\t\t\t\t\t<label for=\"form-field-field_27dd264\" class=\"elementor-field-label\">\n\t\t\t\t\t\t\t\tPoblacion\t\t\t\t\t\t\t<\/label>\n\t\t\t\t\t\t\t\t\t\t\t\t\t\t<input size=\"1\" type=\"text\" name=\"form_fields[field_27dd264]\" id=\"form-field-field_27dd264\" class=\"elementor-field elementor-size-sm  elementor-field-textual\">\n\t\t\t\t\t\t\t\t\t\t\t<\/div>\n\t\t\t\t\t\t\t\t<div class=\"elementor-field-type-text elementor-field-group elementor-column elementor-field-group-field_1cac4bd elementor-col-100\">\n\t\t\t\t\t\t\t\t\t\t\t\t<label for=\"form-field-field_1cac4bd\" class=\"elementor-field-label\">\n\t\t\t\t\t\t\t\tDirecci\u00f3n\t\t\t\t\t\t\t<\/label>\n\t\t\t\t\t\t\t\t\t\t\t\t\t\t<input size=\"1\" type=\"text\" name=\"form_fields[field_1cac4bd]\" id=\"form-field-field_1cac4bd\" class=\"elementor-field elementor-size-sm  elementor-field-textual\">\n\t\t\t\t\t\t\t\t\t\t\t<\/div>\n\t\t\t\t\t\t\t\t<div class=\"elementor-field-type-text elementor-field-group elementor-column elementor-field-group-field_0f07b71 elementor-col-100\">\n\t\t\t\t\t\t\t\t\t\t\t\t<label for=\"form-field-field_0f07b71\" class=\"elementor-field-label\">\n\t\t\t\t\t\t\t\tTelefono\t\t\t\t\t\t\t<\/label>\n\t\t\t\t\t\t\t\t\t\t\t\t\t\t<input size=\"1\" type=\"text\" name=\"form_fields[field_0f07b71]\" id=\"form-field-field_0f07b71\" class=\"elementor-field elementor-size-sm  elementor-field-textual\">\n\t\t\t\t\t\t\t\t\t\t\t<\/div>\n\t\t\t\t\t\t\t\t<div class=\"elementor-field-group elementor-column elementor-field-type-submit elementor-col-100 e-form__buttons\">\n\t\t\t\t\t<button class=\"elementor-button elementor-size-sm\" type=\"submit\">\n\t\t\t\t\t\t<span class=\"elementor-button-content-wrapper\">\n\t\t\t\t\t\t\t\t\t\t\t\t\t\t\t\t\t\t\t\t\t\t<span class=\"elementor-button-text\">ENVIAR<\/span>\n\t\t\t\t\t\t\t\t\t\t\t\t\t<\/span>\n\t\t\t\t\t<\/button>\n\t\t\t\t<\/div>\n\t\t\t<\/div>\n\t\t<\/form>\n\t\t\t\t\t\t<\/div>\n\t\t\t\t<\/div>\n\t\t\t\t\t<\/div>\n\t\t\t\t<\/div>\n\t\t\t\t<\/div>\n\t\t","protected":false},"excerpt":{"rendered":"<p>SI YA EST\u00c1S REGISTRADO Introduce tus datos y entra en tu \u00e1rea privada SI NO QUIERES REGISTRARTE Puedes enviarnos sus archivos utilizando nuestra aplicaci\u00f3n ENVIAR ARCHIVOS SI ERES UN NUEVO USUARIO Rellena estos datos y crea una cuenta de usuario:<\/p>\n","protected":false},"author":1,"featured_media":0,"parent":0,"menu_order":0,"comment_status":"closed","ping_status":"closed","template":"","meta":{"footnotes":""},"class_list":["post-17","page","type-page","status-publish","hentry"],"yoast_head":"<!-- This site is optimized with the Yoast SEO plugin v26.2 - https:\/\/yoast.com\/wordpress\/plugins\/seo\/ -->\n<title>Acceso Clientes - BOX NAT DENT | SUBIDA DE ARCHIVOS<\/title>\n<meta name=\"robots\" content=\"index, follow, max-snippet:-1, max-image-preview:large, max-video-preview:-1\" \/>\n<link rel=\"canonical\" href=\"https:\/\/box.nat-dent.es\/\" \/>\n<meta property=\"og:locale\" content=\"es_ES\" \/>\n<meta property=\"og:type\" content=\"article\" \/>\n<meta property=\"og:title\" content=\"Acceso Clientes - BOX NAT DENT | SUBIDA DE ARCHIVOS\" \/>\n<meta property=\"og:description\" content=\"SI YA EST\u00c1S REGISTRADO Introduce tus datos y entra en tu \u00e1rea privada SI NO QUIERES REGISTRARTE Puedes enviarnos sus archivos utilizando nuestra aplicaci\u00f3n ENVIAR ARCHIVOS SI ERES UN NUEVO USUARIO Rellena estos datos y crea una cuenta de usuario:\" \/>\n<meta property=\"og:url\" content=\"https:\/\/box.nat-dent.es\/\" \/>\n<meta property=\"og:site_name\" content=\"BOX NAT DENT | SUBIDA DE ARCHIVOS\" \/>\n<meta property=\"article:modified_time\" content=\"2025-10-29T12:39:06+00:00\" \/>\n<meta name=\"twitter:card\" content=\"summary_large_image\" \/>\n<meta name=\"twitter:label1\" content=\"Tiempo de lectura\" \/>\n\t<meta name=\"twitter:data1\" content=\"1 minuto\" \/>\n<script type=\"application\/ld+json\" class=\"yoast-schema-graph\">{\"@context\":\"https:\/\/schema.org\",\"@graph\":[{\"@type\":\"WebPage\",\"@id\":\"https:\/\/box.nat-dent.es\/\",\"url\":\"https:\/\/box.nat-dent.es\/\",\"name\":\"Acceso Clientes - BOX NAT DENT | SUBIDA DE ARCHIVOS\",\"isPartOf\":{\"@id\":\"https:\/\/box.nat-dent.es\/#website\"},\"datePublished\":\"2025-10-29T12:16:58+00:00\",\"dateModified\":\"2025-10-29T12:39:06+00:00\",\"breadcrumb\":{\"@id\":\"https:\/\/box.nat-dent.es\/#breadcrumb\"},\"inLanguage\":\"es\",\"potentialAction\":[{\"@type\":\"ReadAction\",\"target\":[\"https:\/\/box.nat-dent.es\/\"]}]},{\"@type\":\"BreadcrumbList\",\"@id\":\"https:\/\/box.nat-dent.es\/#breadcrumb\",\"itemListElement\":[{\"@type\":\"ListItem\",\"position\":1,\"name\":\"Portada\",\"item\":\"https:\/\/box.nat-dent.es\/\"},{\"@type\":\"ListItem\",\"position\":2,\"name\":\"Acceso Clientes\"}]},{\"@type\":\"WebSite\",\"@id\":\"https:\/\/box.nat-dent.es\/#website\",\"url\":\"https:\/\/box.nat-dent.es\/\",\"name\":\"BOX NAT DENT | SUBIDA DE ARCHIVOS\",\"description\":\"Subida de archivos NAT-DENT\",\"publisher\":{\"@id\":\"https:\/\/box.nat-dent.es\/#organization\"},\"potentialAction\":[{\"@type\":\"SearchAction\",\"target\":{\"@type\":\"EntryPoint\",\"urlTemplate\":\"https:\/\/box.nat-dent.es\/?s={search_term_string}\"},\"query-input\":{\"@type\":\"PropertyValueSpecification\",\"valueRequired\":true,\"valueName\":\"search_term_string\"}}],\"inLanguage\":\"es\"},{\"@type\":\"Organization\",\"@id\":\"https:\/\/box.nat-dent.es\/#organization\",\"name\":\"BOX NAT DENT | SUBIDA DE ARCHIVOS\",\"url\":\"https:\/\/box.nat-dent.es\/\",\"logo\":{\"@type\":\"ImageObject\",\"inLanguage\":\"es\",\"@id\":\"https:\/\/box.nat-dent.es\/#\/schema\/logo\/image\/\",\"url\":\"https:\/\/box.nat-dent.es\/wp-content\/uploads\/2025\/10\/NATDENT-LOGO-TRANSPARENTE.png\",\"contentUrl\":\"https:\/\/box.nat-dent.es\/wp-content\/uploads\/2025\/10\/NATDENT-LOGO-TRANSPARENTE.png\",\"width\":1206,\"height\":233,\"caption\":\"BOX NAT DENT | SUBIDA DE ARCHIVOS\"},\"image\":{\"@id\":\"https:\/\/box.nat-dent.es\/#\/schema\/logo\/image\/\"}}]}<\/script>\n<!-- \/ Yoast SEO plugin. -->","yoast_head_json":{"title":"Acceso Clientes - BOX NAT DENT | SUBIDA DE ARCHIVOS","robots":{"index":"index","follow":"follow","max-snippet":"max-snippet:-1","max-image-preview":"max-image-preview:large","max-video-preview":"max-video-preview:-1"},"canonical":"https:\/\/box.nat-dent.es\/","og_locale":"es_ES","og_type":"article","og_title":"Acceso Clientes - BOX NAT DENT | SUBIDA DE ARCHIVOS","og_description":"SI YA EST\u00c1S REGISTRADO Introduce tus datos y entra en tu \u00e1rea privada SI NO QUIERES REGISTRARTE Puedes enviarnos sus archivos utilizando nuestra aplicaci\u00f3n ENVIAR ARCHIVOS SI ERES UN NUEVO USUARIO Rellena estos datos y crea una cuenta de usuario:","og_url":"https:\/\/box.nat-dent.es\/","og_site_name":"BOX NAT DENT | SUBIDA DE ARCHIVOS","article_modified_time":"2025-10-29T12:39:06+00:00","twitter_card":"summary_large_image","twitter_misc":{"Tiempo de lectura":"1 minuto"},"schema":{"@context":"https:\/\/schema.org","@graph":[{"@type":"WebPage","@id":"https:\/\/box.nat-dent.es\/","url":"https:\/\/box.nat-dent.es\/","name":"Acceso Clientes - BOX NAT DENT | SUBIDA DE ARCHIVOS","isPartOf":{"@id":"https:\/\/box.nat-dent.es\/#website"},"datePublished":"2025-10-29T12:16:58+00:00","dateModified":"2025-10-29T12:39:06+00:00","breadcrumb":{"@id":"https:\/\/box.nat-dent.es\/#breadcrumb"},"inLanguage":"es","potentialAction":[{"@type":"ReadAction","target":["https:\/\/box.nat-dent.es\/"]}]},{"@type":"BreadcrumbList","@id":"https:\/\/box.nat-dent.es\/#breadcrumb","itemListElement":[{"@type":"ListItem","position":1,"name":"Portada","item":"https:\/\/box.nat-dent.es\/"},{"@type":"ListItem","position":2,"name":"Acceso Clientes"}]},{"@type":"WebSite","@id":"https:\/\/box.nat-dent.es\/#website","url":"https:\/\/box.nat-dent.es\/","name":"BOX NAT DENT | SUBIDA DE ARCHIVOS","description":"Subida de archivos NAT-DENT","publisher":{"@id":"https:\/\/box.nat-dent.es\/#organization"},"potentialAction":[{"@type":"SearchAction","target":{"@type":"EntryPoint","urlTemplate":"https:\/\/box.nat-dent.es\/?s={search_term_string}"},"query-input":{"@type":"PropertyValueSpecification","valueRequired":true,"valueName":"search_term_string"}}],"inLanguage":"es"},{"@type":"Organization","@id":"https:\/\/box.nat-dent.es\/#organization","name":"BOX NAT DENT | SUBIDA DE ARCHIVOS","url":"https:\/\/box.nat-dent.es\/","logo":{"@type":"ImageObject","inLanguage":"es","@id":"https:\/\/box.nat-dent.es\/#\/schema\/logo\/image\/","url":"https:\/\/box.nat-dent.es\/wp-content\/uploads\/2025\/10\/NATDENT-LOGO-TRANSPARENTE.png","contentUrl":"https:\/\/box.nat-dent.es\/wp-content\/uploads\/2025\/10\/NATDENT-LOGO-TRANSPARENTE.png","width":1206,"height":233,"caption":"BOX NAT DENT | SUBIDA DE ARCHIVOS"},"image":{"@id":"https:\/\/box.nat-dent.es\/#\/schema\/logo\/image\/"}}]}},"_links":{"self":[{"href":"https:\/\/box.nat-dent.es\/index.php\/wp-json\/wp\/v2\/pages\/17","targetHints":{"allow":["GET"]}}],"collection":[{"href":"https:\/\/box.nat-dent.es\/index.php\/wp-json\/wp\/v2\/pages"}],"about":[{"href":"https:\/\/box.nat-dent.es\/index.php\/wp-json\/wp\/v2\/types\/page"}],"author":[{"embeddable":true,"href":"https:\/\/box.nat-dent.es\/index.php\/wp-json\/wp\/v2\/users\/1"}],"replies":[{"embeddable":true,"href":"https:\/\/box.nat-dent.es\/index.php\/wp-json\/wp\/v2\/comments?post=17"}],"version-history":[{"count":11,"href":"https:\/\/box.nat-dent.es\/index.php\/wp-json\/wp\/v2\/pages\/17\/revisions"}],"predecessor-version":[{"id":75,"href":"https:\/\/box.nat-dent.es\/index.php\/wp-json\/wp\/v2\/pages\/17\/revisions\/75"}],"wp:attachment":[{"href":"https:\/\/box.nat-dent.es\/index.php\/wp-json\/wp\/v2\/media?parent=17"}],"curies":[{"name":"wp","href":"https:\/\/api.w.org\/{rel}","templated":true}]}}